{"id":4186,"date":"2020-12-15T19:16:01","date_gmt":"2020-12-15T18:16:01","guid":{"rendered":"http:\/\/new.dtfs.de\/odber-zpravodaje\/"},"modified":"2020-12-15T19:16:01","modified_gmt":"2020-12-15T18:16:01","slug":"odber-zpravodaje","status":"publish","type":"page","link":"https:\/\/dtfs.de\/cs\/odber-zpravodaje\/","title":{"rendered":"Odb\u011br zpravodaje"},"content":{"rendered":"<div class=\"tnp tnp-subscription \">\n<form method=\"post\" action=\"https:\/\/dtfs.de\/cs\/?na=s\">\n\n<input type=\"hidden\" name=\"nlang\" value=\"cs\"><div class=\"tnp-field tnp-field-email\"><label for=\"tnp-1\">Email<\/label>\n<input class=\"tnp-email\" type=\"email\" name=\"ne\" id=\"tnp-1\" value=\"\" placeholder=\"\" required><\/div>\n<div class=\"tnp-field tnp-privacy-field\"><label><input type=\"checkbox\" name=\"ny\" required class=\"tnp-privacy\"> <a target=\"_blank\" href=\"https:\/\/dtfs.de\/privacy-policy\/\">Pokra\u010dov\u00e1n\u00edm p\u0159ij\u00edm\u00e1te z\u00e1sady ochrany osobn\u00edch \u00fadaj\u016f.<\/a><\/label><\/div><div class=\"tnp-field tnp-field-button\"><input class=\"tnp-submit\" type=\"submit\" value=\"Registrovat se\" >\n<\/div>\n<\/form>\n<\/div>\n","protected":false},"excerpt":{"rendered":"Email Pokra\u010dov\u00e1n\u00edm p\u0159ij\u00edm\u00e1te z\u00e1sady ochrany osobn\u00edch \u00fadaj\u016f.","protected":false},"author":14,"featured_media":0,"parent":0,"menu_order":0,"comment_status":"closed","ping_status":"closed","template":"","meta":{"_acf_changed":false,"footnotes":""},"acf":[],"_links":{"self":[{"href":"https:\/\/dtfs.de\/cs\/wp-json\/wp\/v2\/pages\/4186"}],"collection":[{"href":"https:\/\/dtfs.de\/cs\/wp-json\/wp\/v2\/pages"}],"about":[{"href":"https:\/\/dtfs.de\/cs\/wp-json\/wp\/v2\/types\/page"}],"author":[{"embeddable":true,"href":"https:\/\/dtfs.de\/cs\/wp-json\/wp\/v2\/users\/14"}],"replies":[{"embeddable":true,"href":"https:\/\/dtfs.de\/cs\/wp-json\/wp\/v2\/comments?post=4186"}],"version-history":[{"count":0,"href":"https:\/\/dtfs.de\/cs\/wp-json\/wp\/v2\/pages\/4186\/revisions"}],"wp:attachment":[{"href":"https:\/\/dtfs.de\/cs\/wp-json\/wp\/v2\/media?parent=4186"}],"curies":[{"name":"wp","href":"https:\/\/api.w.org\/{rel}","templated":true}]}}