{"id":4227,"date":"2015-11-19T14:58:16","date_gmt":"2015-11-19T13:58:16","guid":{"rendered":"http:\/\/new.dtfs.de\/mini-euro\/"},"modified":"2023-04-04T09:26:08","modified_gmt":"2023-04-04T08:26:08","slug":"mini-euro-2023","status":"publish","type":"page","link":"https:\/\/dtfs.de\/cs\/mini-euro-2023\/","title":{"rendered":"Mini Euro 2023"},"content":{"rendered":"<div class=\"wpb-content-wrapper\"><p>[vc_row row_height_percent=&#8220;65&#8243; back_image=&#8220;6418&#8243; back_repeat=&#8220;no-repeat&#8220; back_position=&#8220;center top&#8220; overlay_alpha=&#8220;80&#8243; gutter_size=&#8220;4&#8243; column_width_percent=&#8220;100&#8243; shift_y=&#8220;0&#8243; z_index=&#8220;0&#8243; enable_bottom_divider=&#8220;default&#8220; bottom_divider=&#8220;fan-opacity&#8220; shape_bottom_h_use_pixel=&#8220;&#8220; shape_bottom_height=&#8220;150&#8243; shape_bottom_color=&#8220;color-126616&#8243; shape_bottom_opacity=&#8220;100&#8243; shape_bottom_index=&#8220;10&#8243; row_height_pixel=&#8220;250px&#8220; back_size=&#8220;cover&#8220; el_class=&#8220;header-mini-euro&#8220; uncode_shortcode_id=&#8220;132439&#8243; shape_bottom_color_type=&#8220;uncode-palette&#8220; shape_dividers=&#8220;&#8220;][vc_column column_width_percent=&#8220;100&#8243; position_vertical=&#8220;middle&#8220; gutter_size=&#8220;3&#8243; expand_height=&#8220;yes&#8220; style=&#8220;dark&#8220; overlay_alpha=&#8220;50&#8243; shift_x=&#8220;0&#8243; shift_y=&#8220;0&#8243; shift_y_down=&#8220;0&#8243; z_index=&#8220;0&#8243; medium_width=&#8220;4&#8243; align_mobile=&#8220;align_center_mobile&#8220; mobile_width=&#8220;0&#8243; width=&#8220;1\/1&#8243;][\/vc_column][\/vc_row][vc_row row_height_percent=&#8220;0&#8243; override_padding=&#8220;yes&#8220; h_padding=&#8220;2&#8243; top_padding=&#8220;2&#8243; bottom_padding=&#8220;4&#8243; back_color=&#8220;accent&#8220; overlay_alpha=&#8220;50&#8243; gutter_size=&#8220;3&#8243; column_width_percent=&#8220;100&#8243; shift_y=&#8220;0&#8243; z_index=&#8220;0&#8243;][vc_column column_width_percent=&#8220;100&#8243; gutter_size=&#8220;2&#8243; style=&#8220;dark&#8220; overlay_alpha=&#8220;50&#8243; shift_x=&#8220;0&#8243; shift_y=&#8220;0&#8243; shift_y_down=&#8220;0&#8243; z_index=&#8220;0&#8243; medium_width=&#8220;0&#8243; mobile_width=&#8220;0&#8243; width=&#8220;7\/12&#8243;][vc_custom_heading heading_semantic=&#8220;h3&#8243; text_size=&#8220;fontsize-123082&#8243; uncode_shortcode_id=&#8220;137969&#8243;]Mini Euro 2023[\/vc_custom_heading][vc_custom_heading heading_semantic=&#8220;h3&#8243; text_size=&#8220;h3&#8243; text_weight=&#8220;500&#8243; uncode_shortcode_id=&#8220;111697&#8243;]Mezin\u00e1rodn\u00ed fotbalov\u00fd poh\u00e1r junior\u016f U11 (2012) proti rasismu a n\u00e1sil\u00ed ve Franti\u0161kov\u00fdch L\u00e1zn\u00edch (\u010cesk\u00e1 republika) a Rehau (N\u011bmecko) 20.-21. kv\u011btna 2023[\/vc_custom_heading][\/vc_column][vc_column column_width_percent=&#8220;100&#8243; gutter_size=&#8220;3&#8243; override_padding=&#8220;yes&#8220; column_padding=&#8220;2&#8243; back_color=&#8220;color-xsdn&#8220; overlay_alpha=&#8220;50&#8243; shift_x=&#8220;0&#8243; shift_y=&#8220;0&#8243; shift_y_down=&#8220;0&#8243; z_index=&#8220;0&#8243; medium_width=&#8220;0&#8243; mobile_width=&#8220;0&#8243; radius=&#8220;std&#8220; width=&#8220;5\/12&#8243; uncode_shortcode_id=&#8220;133997&#8243; back_color_type=&#8220;uncode-palette&#8220;][vc_single_image media=&#8220;2897&#8243; media_width_percent=&#8220;100&#8243; alignment=&#8220;center&#8220;][\/vc_column][\/vc_row][vc_row row_height_percent=&#8220;0&#8243; back_color=&#8220;color-190007&#8243; overlay_alpha=&#8220;50&#8243; gutter_size=&#8220;3&#8243; column_width_percent=&#8220;100&#8243; shift_y=&#8220;0&#8243; z_index=&#8220;0&#8243;][vc_column column_width_percent=&#8220;100&#8243; gutter_size=&#8220;3&#8243; style=&#8220;dark&#8220; overlay_alpha=&#8220;50&#8243; shift_x=&#8220;0&#8243; shift_y=&#8220;0&#8243; shift_y_down=&#8220;0&#8243; z_index=&#8220;0&#8243; medium_width=&#8220;0&#8243; mobile_width=&#8220;0&#8243; width=&#8220;1\/3&#8243;][vc_custom_heading uncode_shortcode_id=&#8220;111278&#8243;]\u00da\u010dastn\u00edci[\/vc_custom_heading][vc_column_text uncode_shortcode_id=&#8220;182632&#8243;]Manchester United<br \/>\nBayern M\u00fcnchen<br \/>\nRB Leipzig<br \/>\nHertha BSC<br \/>\nFC Porto<br \/>\nAjax Amsterdam<br \/>\nYoung Boys Bern<br \/>\nNK Dom\u017eale<br \/>\nAGF Aarhus<br \/>\nGentofte FA<br \/>\nRC Joinville<br \/>\nSparta Praha<br \/>\nLegia Warszawa<br \/>\nAS Tren\u010d\u00edn<br \/>\nKir\u00e1ly SE<br \/>\nPorta FC (Japan)<br \/>\nNorwegian Soccer Academy[\/vc_column_text][\/vc_column][vc_column column_width_percent=&#8220;100&#8243; gutter_size=&#8220;3&#8243; style=&#8220;dark&#8220; overlay_alpha=&#8220;50&#8243; shift_x=&#8220;0&#8243; shift_y=&#8220;0&#8243; shift_y_down=&#8220;0&#8243; z_index=&#8220;0&#8243; medium_width=&#8220;0&#8243; mobile_width=&#8220;0&#8243; width=&#8220;1\/3&#8243;][vc_custom_heading]Program[\/vc_custom_heading][vc_column_text]<\/p>\n<h5>P\u00e1tek, p\u0159\u00edjezd do kr\u00e1lovsk\u00e9ho l\u00e1ze\u0148sk\u00e9ho m\u011bsta Franti\u0161kovy L\u00e1zn\u011b (CZ)<\/h5>\n<ul>\n<li>P\u0159\u00edjezd t\u00fdm\u016f<\/li>\n<li>Ubytov\u00e1n\u00ed v l\u00e1ze\u0148sk\u00fdch hotelech<\/li>\n<\/ul>\n<h5>Sobota, z\u00e1pasy z\u00e1kladn\u00edm skupin ve Franti\u0161kov\u00fdch L\u00e1zn\u00edch (CZ)<\/h5>\n<ul>\n<li>9h30 Zahajovac\u00ed ceremoni\u00e1l, losov\u00e1n\u00ed skupin a za\u010d\u00e1tek z\u00e1pas\u016f z\u00e1kladn\u00edch skupin (3 skupiny)<\/li>\n<li>18:30 hod. \u2013 banket pro v\u0161echny t\u00fdmy v tane\u010dn\u00edm s\u00e1le INGO Casino Franti\u0161kovy L\u00e1zn\u011b<\/li>\n<\/ul>\n<h5>Ned\u011ble, fin\u00e1lov\u00e9 kolo v Rehau (D)<\/h5>\n<ul>\n<li>7h30 odjezd do Rehau (D)<\/li>\n<li>9h00 officialn\u00ed zah\u00e1jen\u00ed v Rehau<\/li>\n<li>9h20 za\u010d\u00e1tek fin\u00e1lov\u00e9ho kola<\/li>\n<li>14h00 fin\u00e1le<\/li>\n<li>z\u00e1v\u011bre\u010dn\u00fd ceremoni\u00e1l, n\u00e1vrat t\u00fdm\u016f dom\u016f<\/li>\n<li>15h00 p\u0159\u00e1telsk\u00fd turnaj mezi t\u00fdmy Rehau a Japonska<\/li>\n<\/ul>\n<p>[\/vc_column_text][\/vc_column][vc_column column_width_percent=&#8220;100&#8243; gutter_size=&#8220;3&#8243; style=&#8220;dark&#8220; overlay_alpha=&#8220;50&#8243; shift_x=&#8220;0&#8243; shift_y=&#8220;0&#8243; shift_y_down=&#8220;0&#8243; z_index=&#8220;0&#8243; medium_width=&#8220;0&#8243; mobile_width=&#8220;0&#8243; width=&#8220;1\/3&#8243;][vc_custom_heading]Pravidla[\/vc_custom_heading][vc_column_text]<\/p>\n<ul>\n<li>8 hr\u00e1\u010d\u016f na ka\u017ed\u00e9 stran\u011b (7 hr\u00e1\u010d\u016f v poli + 1 brank\u00e1\u0159) &#8211; polovi\u010dn\u00ed velikost h\u0159i\u0161t\u011b<\/li>\n<li>3 skupiny po 6 t\u00fdmech<\/li>\n<li>hry ve skupin\u00e1ch se hraj\u00ed prvn\u00ed den turnaje<\/li>\n<li>nejlep\u0161\u00ed 2 t\u00fdmy z ka\u017ed\u00e9 skupiny postupuj\u00ed do fin\u00e1lov\u00e9 &#8222;zlat\u00e9 skupiny&#8220;<\/li>\n<li>t\u0159et\u00ed a \u010dtvrt\u00fd do &#8222;st\u0159\u00edbrn\u00e9&#8220; skupiny<\/li>\n<li>p\u00e1t\u00fd a \u0161est\u00fd do &#8222;bronzov\u00e9&#8220; skupiny<\/li>\n<li>D\u00e9lka z\u00e1pasu: 1&#215;18 minut<\/li>\n<\/ul>\n<p>[\/vc_column_text][\/vc_column][\/vc_row][vc_row unlock_row_content=&#8220;yes&#8220; row_height_percent=&#8220;0&#8243; override_padding=&#8220;yes&#8220; h_padding=&#8220;0&#8243; top_padding=&#8220;0&#8243; bottom_padding=&#8220;0&#8243; overlay_alpha=&#8220;100&#8243; gutter_size=&#8220;100&#8243; column_width_percent=&#8220;100&#8243; shift_y=&#8220;0&#8243; z_index=&#8220;0&#8243; style=&#8220;inherited&#8220;][vc_column column_width_percent=&#8220;100&#8243; align_horizontal=&#8220;align_center&#8220; gutter_size=&#8220;3&#8243; overlay_alpha=&#8220;50&#8243; shift_x=&#8220;0&#8243; shift_y=&#8220;0&#8243; medium_width=&#8220;0&#8243; zoom_width=&#8220;0&#8243; zoom_height=&#8220;0&#8243; width=&#8220;1\/1&#8243;][vc_gallery el_id=&#8220;gallery-958453445&#8243; type=&#8220;carousel&#8220; medias=&#8220;2631,2625,2622,2619,2616,2613,2610,2601,2598,2604,2592,2586,2595,2778&#8243; gallery_back_color=&#8220;color-190007&#8243; carousel_lg=&#8220;7&#8243; carousel_md=&#8220;5&#8243; carousel_sm=&#8220;3&#8243; thumb_size=&#8220;one-one&#8220; gutter_size=&#8220;1&#8243; media_items=&#8220;media,icon&#8220; carousel_interval=&#8220;3000&#8243; carousel_navspeed=&#8220;400&#8243; carousel_loop=&#8220;yes&#8220; carousel_nav=&#8220;yes&#8220; carousel_nav_mobile=&#8220;yes&#8220; stage_padding=&#8220;0&#8243; single_overlay_opacity=&#8220;50&#8243; single_text_anim_type=&#8220;btt&#8220; single_h_align=&#8220;center&#8220; single_padding=&#8220;2&#8243; single_icon=&#8220;fa fa-search3&#8243; single_border=&#8220;yes&#8220; single_css_animation=&#8220;bottom-t-top&#8220; single_animation_delay=&#8220;200&#8243; lbox_caption=&#8220;yes&#8220; no_double_tap=&#8220;yes&#8220; carousel_rtl=&#8220;&#8220; single_title_uppercase=&#8220;&#8220; single_title_bold=&#8220;&#8220; single_title_serif=&#8220;&#8220; onclick=&#8220;link_image&#8220; custom_links_target=&#8220;_self&#8220; items=&#8220;eyI4ODY4X2kiOnsic2luZ2xlX3dpZHRoIjoiNCIsInNpbmdsZV9oZWlnaHQiOiI0In0sIjg4NjJfaSI6eyJzaW5nbGVfd2lkdGgiOiI0Iiwic2luZ2xlX2hlaWdodCI6IjQifSwiODg2MF9pIjp7InNpbmdsZV93aWR0aCI6IjQifX0=&#8220; single_half_padding=&#8220;&#8220; single_no_background=&#8220;&#8220;][\/vc_column][\/vc_row][vc_row row_height_percent=&#8220;0&#8243; override_padding=&#8220;yes&#8220; h_padding=&#8220;2&#8243; top_padding=&#8220;4&#8243; bottom_padding=&#8220;2&#8243; overlay_alpha=&#8220;50&#8243; gutter_size=&#8220;3&#8243; column_width_percent=&#8220;100&#8243; shift_y=&#8220;0&#8243; z_index=&#8220;0&#8243;][vc_column column_width_percent=&#8220;100&#8243; position_horizontal=&#8220;left&#8220; gutter_size=&#8220;2&#8243; overlay_alpha=&#8220;50&#8243; shift_x=&#8220;0&#8243; shift_y=&#8220;2&#8243; shift_y_down=&#8220;0&#8243; z_index=&#8220;0&#8243; align_medium=&#8220;align_center_tablet&#8220; medium_width=&#8220;0&#8243; align_mobile=&#8220;align_center_mobile&#8220; mobile_width=&#8220;0&#8243; width=&#8220;5\/12&#8243;][vc_custom_heading heading_semantic=&#8220;h3&#8243; text_size=&#8220;h1&#8243;]Pouze \u0161pi\u010dkov\u00ed soupe\u0159i b\u011bhem cel\u00e9ho turnaje![\/vc_custom_heading][vc_column_text]Turnaje Mini Euro se \u00fa\u010dastn\u00ed pouze ty nejlep\u0161\u00ed t\u00fdmy. V\u0161echny t\u00fdmy jsou vedeny v kvalitn\u00edch fotbalov\u00fdch akademi\u00edch. Na\u0161i host\u00e9 v\u017edy pat\u0159\u00ed mezi nejv\u00fdznamn\u011bj\u0161\u00ed prvoligov\u00e9 kluby ve sv\u00e9 zemi. N\u00e1\u0161 hern\u00ed re\u017eim se skupinov\u00fdmi hrami, skupinami play-off a play-down zaru\u010duje, \u017ee ka\u017ed\u00fd t\u00fdm odehraje minim\u00e1ln\u011b 6 z\u00e1pas\u016f denn\u011b (celkem tedy 84 minut denn\u011b a celkem 164 minut b\u011bhem cel\u00e9ho turnaje).[\/vc_column_text][\/vc_column][vc_column column_width_percent=&#8220;100&#8243; gutter_size=&#8220;3&#8243; overlay_alpha=&#8220;50&#8243; shift_x=&#8220;0&#8243; shift_y=&#8220;0&#8243; shift_y_down=&#8220;0&#8243; z_index=&#8220;0&#8243; medium_width=&#8220;0&#8243; mobile_width=&#8220;0&#8243; width=&#8220;7\/12&#8243;][vc_single_image media=&#8220;3637&#8243; media_width_percent=&#8220;100&#8243; media_ratio=&#8220;four-three&#8220; shadow=&#8220;yes&#8220;][\/vc_column][\/vc_row][vc_row row_height_percent=&#8220;0&#8243; override_padding=&#8220;yes&#8220; h_padding=&#8220;2&#8243; top_padding=&#8220;0&#8243; bottom_padding=&#8220;5&#8243; overlay_alpha=&#8220;50&#8243; gutter_size=&#8220;3&#8243; column_width_percent=&#8220;100&#8243; shift_y=&#8220;0&#8243; z_index=&#8220;0&#8243; el_class=&#8220;inverted-device-order&#8220;][vc_column column_width_percent=&#8220;100&#8243; gutter_size=&#8220;3&#8243; overlay_alpha=&#8220;50&#8243; shift_x=&#8220;0&#8243; shift_y=&#8220;-5&#8243; shift_y_down=&#8220;0&#8243; z_index=&#8220;0&#8243; medium_width=&#8220;0&#8243; mobile_width=&#8220;0&#8243; width=&#8220;7\/12&#8243;][vc_single_image media=&#8220;4425&#8243; media_width_percent=&#8220;100&#8243; media_ratio=&#8220;four-three&#8220; shadow=&#8220;yes&#8220; shadow_weight=&#8220;std&#8220;][\/vc_column][vc_column column_width_percent=&#8220;100&#8243; position_horizontal=&#8220;right&#8220; position_vertical=&#8220;middle&#8220; gutter_size=&#8220;2&#8243; overlay_alpha=&#8220;50&#8243; shift_x=&#8220;0&#8243; shift_y=&#8220;0&#8243; shift_y_down=&#8220;0&#8243; z_index=&#8220;0&#8243; align_medium=&#8220;align_center_tablet&#8220; medium_width=&#8220;0&#8243; align_mobile=&#8220;align_center_mobile&#8220; mobile_width=&#8220;0&#8243; width=&#8220;5\/12&#8243;][vc_custom_heading heading_semantic=&#8220;h3&#8243; text_size=&#8220;h1&#8243;]Kvalitn\u00ed ubytov\u00e1n\u00ed a strava![\/vc_custom_heading][vc_column_text]Na Mini Euro jsou t\u00fdmy a zam\u011bstnanci v\u017edy ubytov\u00e1ni v t\u0159\u00edhv\u011bzdi\u010dkov\u00fdch l\u00e1ze\u0148sk\u00fdch hotelech ve Franti\u0161kov\u00fdch L\u00e1zn\u00edch. Franti\u0161kovy L\u00e1zn\u011b jsou jedny z nejzn\u00e1m\u011bj\u0161\u00edch \u010desk\u00fdch l\u00e1zn\u00ed. Kr\u00e1lov\u00e9 a c\u00edsa\u0159i zde tr\u00e1vili dovolenou a zanechali po sob\u011b jedine\u010dnou atmosf\u00e9ru konce 19. stolet\u00ed. Hotely byly ned\u00e1vno zrekonstruov\u00e1ny. a nab\u00edzej\u00ed modern\u00ed ubytov\u00e1n\u00ed. Pod\u00e1van\u00e9 j\u00eddlo i pit\u00ed je pe\u010dliv\u011b vyb\u00edr\u00e1no s ohledem na mlad\u00e9 fotbalisty.[\/vc_column_text][\/vc_column][\/vc_row][vc_row row_height_percent=&#8220;0&#8243; override_padding=&#8220;yes&#8220; h_padding=&#8220;2&#8243; top_padding=&#8220;4&#8243; bottom_padding=&#8220;2&#8243; overlay_alpha=&#8220;50&#8243; gutter_size=&#8220;3&#8243; column_width_percent=&#8220;100&#8243; shift_y=&#8220;0&#8243; z_index=&#8220;0&#8243;][vc_column column_width_percent=&#8220;100&#8243; position_horizontal=&#8220;left&#8220; gutter_size=&#8220;2&#8243; overlay_alpha=&#8220;50&#8243; shift_x=&#8220;0&#8243; shift_y=&#8220;2&#8243; shift_y_down=&#8220;0&#8243; z_index=&#8220;0&#8243; align_medium=&#8220;align_center_tablet&#8220; medium_width=&#8220;0&#8243; align_mobile=&#8220;align_center_mobile&#8220; mobile_width=&#8220;0&#8243; width=&#8220;5\/12&#8243;][vc_custom_heading heading_semantic=&#8220;h3&#8243; text_size=&#8220;h1&#8243;]Vyj\u00edme\u010dn\u00fd mezin\u00e1rodn\u00ed z\u00e1\u017eitek[\/vc_custom_heading][vc_column_text]Mini Euro je jedine\u010dn\u00fd turnaj, kter\u00fd se b\u011bhem dvou dn\u016f prob\u011bhne ve dvou zem\u00edch. V\u00fdhodou je, \u017ee chlapci a doprovod b\u011bhem kr\u00e1tk\u00e9 doby poznaj\u00ed dv\u011b r\u016fzn\u00e9 zem\u011b a kultury. Je tradic\u00ed, \u017ee prvn\u00ed turnajov\u00fd den se kon\u00e1 ve Franti\u0161kov\u00fdch L\u00e1zn\u00edch (\u010cesk\u00e1 republika). Druh\u00fd turnajov\u00fd den a fin\u00e1le se konaj\u00ed v sousedn\u00edm n\u011bmeck\u00e9m m\u011bst\u011b Rehau. V\u0161echny t\u00fdmy a jejich doprovod jsou p\u0159epraveni turnajov\u00fdmi autobusy do N\u011bmecka. Cesta trv\u00e1 asi 45 minut.[\/vc_column_text][\/vc_column][vc_column column_width_percent=&#8220;100&#8243; gutter_size=&#8220;3&#8243; overlay_alpha=&#8220;50&#8243; shift_x=&#8220;0&#8243; shift_y=&#8220;0&#8243; shift_y_down=&#8220;0&#8243; z_index=&#8220;0&#8243; medium_width=&#8220;0&#8243; mobile_width=&#8220;0&#8243; width=&#8220;7\/12&#8243;][vc_single_image media=&#8220;3640&#8243; media_width_percent=&#8220;100&#8243; media_ratio=&#8220;four-three&#8220; shadow=&#8220;yes&#8220;][\/vc_column][\/vc_row][vc_row row_height_percent=&#8220;0&#8243; override_padding=&#8220;yes&#8220; h_padding=&#8220;2&#8243; top_padding=&#8220;0&#8243; bottom_padding=&#8220;5&#8243; overlay_alpha=&#8220;50&#8243; gutter_size=&#8220;3&#8243; column_width_percent=&#8220;100&#8243; shift_y=&#8220;0&#8243; z_index=&#8220;0&#8243; el_class=&#8220;inverted-device-order&#8220;][vc_column column_width_percent=&#8220;100&#8243; gutter_size=&#8220;3&#8243; overlay_alpha=&#8220;50&#8243; shift_x=&#8220;0&#8243; shift_y=&#8220;-5&#8243; shift_y_down=&#8220;0&#8243; z_index=&#8220;0&#8243; medium_width=&#8220;0&#8243; mobile_width=&#8220;0&#8243; width=&#8220;7\/12&#8243;][vc_single_image media=&#8220;3643&#8243; media_width_percent=&#8220;100&#8243; media_ratio=&#8220;four-three&#8220; shadow=&#8220;yes&#8220; shadow_weight=&#8220;std&#8220;][\/vc_column][vc_column column_width_percent=&#8220;100&#8243; position_horizontal=&#8220;right&#8220; position_vertical=&#8220;middle&#8220; gutter_size=&#8220;2&#8243; overlay_alpha=&#8220;50&#8243; shift_x=&#8220;0&#8243; shift_y=&#8220;0&#8243; shift_y_down=&#8220;0&#8243; z_index=&#8220;0&#8243; align_medium=&#8220;align_center_tablet&#8220; medium_width=&#8220;0&#8243; align_mobile=&#8220;align_center_mobile&#8220; mobile_width=&#8220;0&#8243; width=&#8220;5\/12&#8243;][vc_custom_heading heading_semantic=&#8220;h3&#8243; text_size=&#8220;h1&#8243;]\u201eNejlep\u0161\u00ed v\u00edkend m\u00e9ho \u017eivota&#8230;\u201c[\/vc_custom_heading][vc_column_text]Toto v\u0161e dohromady vytv\u00e1\u0159\u00ed vzru\u0161uj\u00edc\u00ed turnajovou atmosf\u00e9ru. Jsme r\u00e1di, \u017ee v\u0161echny t\u00fdmy, kter\u00e9 n\u00e1s nav\u0161t\u00edvily, se v\u017edy ochotn\u011b vrac\u00ed. Jsme obzvl\u00e1\u0161t\u011b r\u00e1di, \u017ee si chlapci pobyt zde velmi u\u017e\u00edvaj\u00ed. \u201eByl to nejv\u011bt\u0161\u00ed v\u00edkend v m\u00e9m \u017eivot\u011b,\u201c \u0159ekl jeden chlapec z Glasgow po turnaji sv\u00fdm rodi\u010d\u016fm s \u00fasm\u011bvem na tv\u00e1\u0159i. Na\u0161\u00edm c\u00edlem je, aby ka\u017ed\u00e9 d\u00edt\u011b \u00fa\u010dastn\u00edc\u00ed se Mini Euro bylo stejn\u011b \u0161\u0165astn\u00e9 jako tento mal\u00fd Skot.[\/vc_column_text][\/vc_column][\/vc_row]<\/p>\n<\/div>","protected":false},"excerpt":{"rendered":"<p>[vc_row row_height_percent=&#8220;65&#8243; back_image=&#8220;6418&#8243; back_repeat=&#8220;no-repeat&#8220; back_position=&#8220;center top&#8220; overlay_alpha=&#8220;80&#8243; gutter_size=&#8220;4&#8243; column_width_percent=&#8220;100&#8243; shift_y=&#8220;0&#8243; z_index=&#8220;0&#8243; enable_bottom_divider=&#8220;default&#8220; bottom_divider=&#8220;fan-opacity&#8220; shape_bottom_h_use_pixel=&#8220;&#8220; shape_bottom_height=&#8220;150&#8243; shape_bottom_color=&#8220;color-126616&#8243; shape_bottom_opacity=&#8220;100&#8243; shape_bottom_index=&#8220;10&#8243; row_height_pixel=&#8220;250px&#8220; back_size=&#8220;cover&#8220; [&hellip;]<\/p>\n","protected":false},"author":14,"featured_media":0,"parent":0,"menu_order":0,"comment_status":"closed","ping_status":"closed","template":"","meta":{"_acf_changed":false,"footnotes":""},"acf":[],"_links":{"self":[{"href":"https:\/\/dtfs.de\/cs\/wp-json\/wp\/v2\/pages\/4227"}],"collection":[{"href":"https:\/\/dtfs.de\/cs\/wp-json\/wp\/v2\/pages"}],"about":[{"href":"https:\/\/dtfs.de\/cs\/wp-json\/wp\/v2\/types\/page"}],"author":[{"embeddable":true,"href":"https:\/\/dtfs.de\/cs\/wp-json\/wp\/v2\/users\/14"}],"replies":[{"embeddable":true,"href":"https:\/\/dtfs.de\/cs\/wp-json\/wp\/v2\/comments?post=4227"}],"version-history":[{"count":0,"href":"https:\/\/dtfs.de\/cs\/wp-json\/wp\/v2\/pages\/4227\/revisions"}],"wp:attachment":[{"href":"https:\/\/dtfs.de\/cs\/wp-json\/wp\/v2\/media?parent=4227"}],"curies":[{"name":"wp","href":"https:\/\/api.w.org\/{rel}","templated":true}]}}