{"id":4754,"date":"2020-11-24T09:23:32","date_gmt":"2020-11-24T08:23:32","guid":{"rendered":"http:\/\/new.dtfs.de\/tradicni-turnaje\/"},"modified":"2021-01-15T17:18:07","modified_gmt":"2021-01-15T16:18:07","slug":"tradicni-turnaje","status":"publish","type":"page","link":"https:\/\/dtfs.de\/cs\/tradicni-turnaje\/","title":{"rendered":"Tradi\u010dn\u00ed turnaje"},"content":{"rendered":"<!-- EventON Calendar --><div id='evcal_calendar_754' class='list_cal ajde_evcal_calendar boxy color tbg1 boxstyle0 box_1 ul ' ><div id='evcal_head' class='calendar_header ' ><div class='evo_cal_above'><span class='evo-search'><\/span><span class='evo-gototoday-btn' style='display:none' data-mo='4' data-yr='2026' data-dy=''>Tento m\u011bs\u00edc<\/span><span class='evo-filter-btn'><em><\/em><\/span><\/div><div class='evo_cal_above_content'>\t\t\t\t\t\r\n\t\t\t\t<div class='evo_search_bar evo_hidden'>\r\n\t\t\t\t\t<div class='evo_search_bar_in' >\r\n\t\t\t\t\t\t<input id='evo_search_bar_in_754' type=\"text\" placeholder='Hledat ud\u00e1lost' data-role=\"none\"\/>\r\n\t\t\t\t\t\t<a class=\"evosr_search_clear_btn\"><i class=\"fa fa-close\"><\/i><\/a>\r\n\t\t\t\t\t\t<a class=\"evosr_search_btn\"><i class=\"fa fa-search\"><\/i><\/a>\r\n\t\t\t\t\t<\/div>\r\n\t\t\t\t<\/div>\r\n\r\n\t\t\t<\/div><\/div><div class='eventon_sorting_section' style='display:none'><div class='eventon_filter_line ' data-filter_type='default'><div class='eventon_filter evo_sortOpt evo_sortList_event_type' data-filter_field=\"event_type\" data-filter_type=\"tax\" data-filter_val=\"187\" data-fldef=\"187\" data-notvals=\"[]\" data-invals=\"[&quot;187&quot;]\" >\n\t\t\t\t\t\t\t\t\t<p class='filtering_set_val'>Typ eventu<em class='fa fa-check'><\/em><\/p>\n\t\t\t\t\t\t\t\t\t<div class='eventon_filter_dropdown' style='display:none'><p class='evo_filter_val  all' data-filter_val='all'>V\u0161e<\/p><p class='evo_filter_val  event_type_144 treninky ' data-filter_val='144' data-filter_slug='treninky'>Tr\u00e9ninky<\/p><p class='evo_filter_val  event_type_183 hlavni ' data-filter_val='183' data-filter_slug='hlavni'>Hlavn\u00ed<\/p><p class='evo_filter_val select event_type_187 tradicni-turnaje ' data-filter_val='187' data-filter_slug='tradicni-turnaje'>Tradi\u010dn\u00ed turnaje<\/p><p class='evo_filter_val  event_type_232 seminare ' data-filter_val='232' data-filter_slug='seminare'>Semin\u00e1\u0159e<\/p><p class='evo_filter_val  event_type_129 turnaje ' data-filter_val='129' data-filter_slug='turnaje'>Turnaje<\/p><p class='evo_filter_val  event_type_142 kempy ' data-filter_val='142' data-filter_slug='kempy'>Kempy<\/p><\/div>\t\n\t\t\t\t\t\t\t<\/div><div class='eventon_filter evo_sortOpt evo_sortList_event_location' data-filter_field=\"event_location\" data-filter_type=\"tax\" data-filter_val=\"all\" data-fldef=\"all\" data-notvals=\"[]\" data-invals=\"[&quot;all&quot;]\" >\n\t\t\t\t\t\t\t\t\t<p class='filtering_set_val'>M\u00edsto eventu<em class='fa fa-check'><\/em><\/p>\n\t\t\t\t\t\t\t\t\t<div class='eventon_filter_dropdown' style='display:none'><p class='evo_filter_val select all' data-filter_val='all'>V\u0161e<\/p><p class='evo_filter_val select event_location_125 fc-jiskra-modra ' data-filter_val='125' data-filter_slug='fc-jiskra-modra'>FC Jiskra Modr\u00e1<\/p><p class='evo_filter_val select event_location_139 fk-usti ' data-filter_val='139' data-filter_slug='fk-usti'>FK Usti<\/p><p class='evo_filter_val select event_location_149 klise-usti-nad-labem ' data-filter_val='149' data-filter_slug='klise-usti-nad-labem'>Kl\u00ed\u0161e \u00dast\u00ed nad Labem<\/p><p class='evo_filter_val select event_location_150 sk-roudnice-nad-labem ' data-filter_val='150' data-filter_slug='sk-roudnice-nad-labem'>SK Roudnice nad Labem<\/p><p class='evo_filter_val select event_location_151 fc-frantiskovy-lazne ' data-filter_val='151' data-filter_slug='fc-frantiskovy-lazne'>FC Franti\u0161kovy L\u00e1zn\u011b<\/p><p class='evo_filter_val select event_location_168 berolina-stralau ' data-filter_val='168' data-filter_slug='berolina-stralau'>Berolina Stralau<\/p><p class='evo_filter_val select event_location_218 fc-slavia-karlovy-vary ' data-filter_val='218' data-filter_slug='fc-slavia-karlovy-vary'>FC Slavia Karlovy Vary<\/p><\/div>\t\n\t\t\t\t\t\t\t<\/div><div class='eventon_filter evo_hideshow_evotag' data-filter_field='event_tag' data-filter_val='all' data-filter_type='tax' data-fldef='all' data-notvals=\"[]\" data-invals=\"[&quot;all&quot;]\" >\t\t\t\t\t\t\t\t\n\t\t\t\t\t\t\t\t\n\t\t\t\t\t\t\t\t<div class='eventon_filter_selection'>\n\t\t\t\t\t\t\t\t\t<p class='filtering_set_val' data-opts='evs4_in'>\u0160t\u00edtek eventu<em class='fa fa-check'><\/em><\/p>\n\t\t\t\t\t\t\t\t\t<div class='eventon_filter_dropdown evo_hideshow' style='display:none'><p class='evo_filter_val select all' data-filter_val='all'>V\u0161e<\/p><p class='evo_filter_val select' data-filter_val='234'>Free<\/p><p class='evo_filter_val select' data-filter_val='235'>Zdarma<\/p><p class='evo_filter_val select' data-filter_val='236'>Kostenlos<\/p><\/div>\n\t\t\t\t\t\t\t\t<\/div><div class='clear'><\/div>\n\t\t\t\t\t\t\t<\/div><\/div><div class='clear'><\/div><\/div><div id='eventon_loadbar_section'><div id='eventon_loadbar'><\/div><\/div><!-- Events List --><div id='evcal_list' \r\n\t\t\t\t\tclass='eventon_events_list sep_months evcal_list_month'><div class='eventon_list_event no_events'><p class='no_events' >\u017d\u00e1dn\u00e9 eventy<\/p><\/div>\t\t\t<div class='clear'><\/div>\r\n\t\t\t<\/div>\r\n\t\t\t<div class='clear'><\/div>\r\n\t\t\t\t\t \t<div id='evcal_footer' class='evo_bottom' style='display:none'>\r\n\t\t \t\t<div class='evo_cal_data'  data-sc='{\"accord\":\"no\",\"bottom_nav\":\"no\",\"cal_id\":\"\",\"cal_init_nonajax\":\"no\",\"calendar_type\":\"list\",\"control_style\":\"def\",\"day_incre\":0,\"el_type\":\"ue\",\"ep_fields\":\"\",\"etc_override\":\"yes\",\"evc_open\":\"no\",\"event_count\":\"50\",\"event_location\":\"all\",\"event_order\":\"ASC\",\"event_organizer\":\"all\",\"event_parts\":\"no\",\"event_past_future\":\"future\",\"event_speaker\":\"all\",\"event_status\":\"all\",\"event_tag\":\"all\",\"event_type\":\"187\",\"event_type_2\":\"all\",\"event_type_3\":\"all\",\"event_type_4\":\"all\",\"event_type_5\":\"all\",\"event_virtual\":\"all\",\"eventtop_date_style\":0,\"eventtop_style\":\"2\",\"exp_jumper\":\"no\",\"exp_so\":\"no\",\"filter_relationship\":\"AND\",\"filter_show_set_only\":\"no\",\"filter_type\":\"default\",\"filters\":\"yes\",\"fixed_day\":0,\"fixed_month\":\"4\",\"fixed_year\":\"2026\",\"focus_end_date_range\":\"1806530399\",\"focus_start_date_range\":\"1774994400\",\"ft_event_priority\":\"no\",\"grid_ux\":0,\"heat\":\"no\",\"hide_arrows\":\"no\",\"hide_cancels\":\"no\",\"hide_empty_months\":\"yes\",\"hide_end_time\":\"no\",\"hide_et_dn\":\"no\",\"hide_et_extra\":\"no\",\"hide_et_tags\":\"no\",\"hide_et_tl\":\"no\",\"hide_ft\":\"no\",\"hide_ft_img\":\"no\",\"hide_month_headers\":\"no\",\"hide_mult_occur\":\"yes\",\"hide_past\":\"no\",\"hide_past_by\":\"ee\",\"hide_so\":\"no\",\"hide_sort_options\":\"no\",\"hover\":\"number\",\"ics\":\"no\",\"jumper\":\"no\",\"jumper_count\":5,\"jumper_offset\":\"0\",\"lang\":\"L2\",\"layout_changer\":\"no\",\"livenow_bar\":\"yes\",\"load_fullmonth\":\"no\",\"mapformat\":\"roadmap\",\"mapiconurl\":\"\",\"maps_load\":\"yes\",\"mapscroll\":\"true\",\"mapzoom\":\"14\",\"members_only\":\"no\",\"ml_priority\":\"no\",\"ml_toend\":\"no\",\"mo1st\":\"\",\"month_incre\":0,\"nexttogrid\":\"no\",\"number_of_months\":\"12\",\"only_ft\":\"no\",\"pec\":\"\",\"s\":\"\",\"search\":\"\",\"search_all\":\"no\",\"sep_month\":\"yes\",\"show_et_ft_img\":\"no\",\"show_limit\":\"no\",\"show_limit_ajax\":\"no\",\"show_limit_paged\":1,\"show_limit_redir\":\"\",\"show_repeats\":\"yes\",\"show_search\":\"no\",\"show_upcoming\":0,\"show_year\":\"yes\",\"slide_auto\":\"no\",\"slide_hide_control\":\"no\",\"slide_loop\":\"no\",\"slide_nav_dots\":\"no\",\"slide_pause_hover\":\"no\",\"slide_style\":\"def\",\"slider_pause\":\"2000\",\"slider_speed\":\"400\",\"slider_type\":\"def\",\"slides_visible\":1,\"social_share\":\"no\",\"sort_by\":\"sort_date\",\"style\":\"\",\"tile_bg\":\"1\",\"tile_bg_size\":\"full\",\"tile_count\":\"1\",\"tile_height\":\"350\",\"tile_style\":0,\"tiles\":\"yes\",\"ux_val\":\"4\",\"view_switcher\":\"no\",\"wpml_l1\":\"\",\"wpml_l2\":\"\",\"wpml_l3\":\"\",\"yl_priority\":\"no\",\"yl_toend\":\"no\",\"_cver\":\"4.5.9\"}' data-od='{\"lang_no_events\":\"\\u017d\\u00e1dn\\u00e9 eventy\",\"cal_tz_offset\":120,\"cal_tz\":\"Europe\\\/Berlin\"}'><\/div>\r\n\t\t \t\t<div class='evo_cal_events' data-events=\"\"><\/div>\r\n\t\t \t<\/div>\r\n\t\t\t\t\r\n\t\t\t\r\n\t\t\t\t\t\t<\/div><!-- EventON End -->\r\n\t\t\t\n","protected":false},"excerpt":{"rendered":"Tento m\u011bs\u00edc Typ eventu V\u0161eTr\u00e9ninkyHlavn\u00edTradi\u010dn\u00ed turnajeSemin\u00e1\u0159eTurnajeKempy M\u00edsto eventu V\u0161eFC Jiskra Modr\u00e1FK UstiKl\u00ed\u0161e \u00dast\u00ed nad LabemSK Roudnice nad LabemFC Franti\u0161kovy L\u00e1zn\u011bBerolina [...]","protected":false},"author":14,"featured_media":0,"parent":0,"menu_order":0,"comment_status":"closed","ping_status":"closed","template":"","meta":{"_acf_changed":false,"footnotes":""},"acf":[],"_links":{"self":[{"href":"https:\/\/dtfs.de\/cs\/wp-json\/wp\/v2\/pages\/4754"}],"collection":[{"href":"https:\/\/dtfs.de\/cs\/wp-json\/wp\/v2\/pages"}],"about":[{"href":"https:\/\/dtfs.de\/cs\/wp-json\/wp\/v2\/types\/page"}],"author":[{"embeddable":true,"href":"https:\/\/dtfs.de\/cs\/wp-json\/wp\/v2\/users\/14"}],"replies":[{"embeddable":true,"href":"https:\/\/dtfs.de\/cs\/wp-json\/wp\/v2\/comments?post=4754"}],"version-history":[{"count":0,"href":"https:\/\/dtfs.de\/cs\/wp-json\/wp\/v2\/pages\/4754\/revisions"}],"wp:attachment":[{"href":"https:\/\/dtfs.de\/cs\/wp-json\/wp\/v2\/media?parent=4754"}],"curies":[{"name":"wp","href":"https:\/\/api.w.org\/{rel}","templated":true}]}}