{"id":6083,"date":"2022-01-05T11:59:39","date_gmt":"2022-01-05T10:59:39","guid":{"rendered":"http:\/\/new.dtfs.de\/?page_id=6083"},"modified":"2022-06-09T08:56:17","modified_gmt":"2022-06-09T07:56:17","slug":"pravidla-covid-19","status":"publish","type":"page","link":"https:\/\/dtfs.de\/cs\/pravidla-covid-19\/","title":{"rendered":"Pravidla Covid-19"},"content":{"rendered":"<div class=\"wpb-content-wrapper\"><p>[vc_row row_height_percent=&#8220;0&#8243; override_padding=&#8220;yes&#8220; h_padding=&#8220;2&#8243; top_padding=&#8220;3&#8243; bottom_padding=&#8220;2&#8243; overlay_alpha=&#8220;50&#8243; gutter_size=&#8220;3&#8243; column_width_percent=&#8220;100&#8243; shift_y=&#8220;0&#8243; z_index=&#8220;0&#8243; uncode_shortcode_id=&#8220;153230&#8243;][vc_column width=&#8220;1\/4&#8243;][vc_single_image media=&#8220;6099&#8243; media_width_percent=&#8220;100&#8243; uncode_shortcode_id=&#8220;172359&#8243;][\/vc_column][vc_column width=&#8220;3\/4&#8243;][vc_custom_heading text_transform=&#8220;uppercase&#8220; separator=&#8220;under&#8220; separator_color=&#8220;yes&#8220; sub_lead=&#8220;yes&#8220; sub_reduced=&#8220;yes&#8220; uncode_shortcode_id=&#8220;783183&#8243; subheading=&#8220;Zelen\u00e1&#8220;]Bavorsko[\/vc_custom_heading][vc_column_text uncode_shortcode_id=&#8220;694523&#8243;]Moment\u00e1ln\u011b bez omezen\u00ed.[\/vc_column_text][\/vc_column][\/vc_row][vc_row row_height_percent=&#8220;0&#8243; override_padding=&#8220;yes&#8220; h_padding=&#8220;2&#8243; top_padding=&#8220;2&#8243; bottom_padding=&#8220;2&#8243; overlay_alpha=&#8220;50&#8243; gutter_size=&#8220;3&#8243; column_width_percent=&#8220;100&#8243; shift_y=&#8220;0&#8243; z_index=&#8220;0&#8243; uncode_shortcode_id=&#8220;208294&#8243;][vc_column width=&#8220;1\/4&#8243;][vc_single_image media=&#8220;6099&#8243; media_width_percent=&#8220;100&#8243; uncode_shortcode_id=&#8220;450613&#8243;][\/vc_column][vc_column width=&#8220;3\/4&#8243;][vc_custom_heading text_transform=&#8220;uppercase&#8220; separator=&#8220;under&#8220; separator_color=&#8220;yes&#8220; sub_lead=&#8220;yes&#8220; sub_reduced=&#8220;yes&#8220; uncode_shortcode_id=&#8220;162375&#8243; subheading=&#8220;Zelen\u00e1&#8220;]\u010cesk\u00e1 republika[\/vc_custom_heading][vc_column_text uncode_shortcode_id=&#8220;129326&#8243;]Moment\u00e1ln\u011b bez omezen\u00ed.[\/vc_column_text][\/vc_column][\/vc_row][vc_row row_height_percent=&#8220;0&#8243; override_padding=&#8220;yes&#8220; h_padding=&#8220;2&#8243; top_padding=&#8220;0&#8243; bottom_padding=&#8220;3&#8243; overlay_alpha=&#8220;50&#8243; gutter_size=&#8220;3&#8243; column_width_percent=&#8220;100&#8243; shift_y=&#8220;0&#8243; z_index=&#8220;0&#8243; uncode_shortcode_id=&#8220;201112&#8243;][vc_column width=&#8220;1\/4&#8243;][\/vc_column][vc_column width=&#8220;3\/4&#8243;][vc_row_inner row_inner_height_percent=&#8220;0&#8243; overlay_alpha=&#8220;50&#8243; gutter_size=&#8220;3&#8243; shift_y=&#8220;0&#8243; z_index=&#8220;0&#8243; uncode_shortcode_id=&#8220;803265&#8243;][vc_column_inner width=&#8220;1\/2&#8243;][vc_button radius=&#8220;btn-round&#8220; border_width=&#8220;0&#8243; link=&#8220;url:%2Fwp-content%2Fuploads%2FTeilnehmerliste-Seznam-ucastniku-Spielt-mit-Hrajte-s-nami.docx&#8220; uncode_shortcode_id=&#8220;106153&#8243;]St\u00e1hnout formul\u00e1\u0159 \u2013 Seznam \u00fa\u010dastn\u00edk\u016f[\/vc_button][\/vc_column_inner][vc_column_inner width=&#8220;1\/2&#8243;][vc_button radius=&#8220;btn-round&#8220; border_width=&#8220;0&#8243; link=&#8220;url:%2Fwp-content%2Fuploads%2FCovid-Test-Erklarung-Prohlaseni-DE-CZ-EN-Projekt.docx&#8220; uncode_shortcode_id=&#8220;144905&#8243;]St\u00e1hnout formul\u00e1\u0159 \u2013 Prohl\u00e1\u0161en\u00ed o Covid testu[\/vc_button][\/vc_column_inner][\/vc_row_inner][\/vc_column][\/vc_row]<\/p>\n<\/div>","protected":false},"excerpt":{"rendered":"<p>[vc_row row_height_percent=&#8220;0&#8243; override_padding=&#8220;yes&#8220; h_padding=&#8220;2&#8243; top_padding=&#8220;3&#8243; bottom_padding=&#8220;2&#8243; overlay_alpha=&#8220;50&#8243; gutter_size=&#8220;3&#8243; column_width_percent=&#8220;100&#8243; shift_y=&#8220;0&#8243; z_index=&#8220;0&#8243; uncode_shortcode_id=&#8220;153230&#8243;][vc_column width=&#8220;1\/4&#8243;][vc_single_image media=&#8220;6099&#8243; media_width_percent=&#8220;100&#8243; uncode_shortcode_id=&#8220;172359&#8243;][\/vc_column][vc_column width=&#8220;3\/4&#8243;][vc_custom_heading text_transform=&#8220;uppercase&#8220; separator=&#8220;under&#8220; separator_color=&#8220;yes&#8220; [&hellip;]<\/p>\n","protected":false},"author":14,"featured_media":0,"parent":0,"menu_order":0,"comment_status":"closed","ping_status":"closed","template":"","meta":{"_acf_changed":false,"footnotes":""},"acf":[],"_links":{"self":[{"href":"https:\/\/dtfs.de\/cs\/wp-json\/wp\/v2\/pages\/6083"}],"collection":[{"href":"https:\/\/dtfs.de\/cs\/wp-json\/wp\/v2\/pages"}],"about":[{"href":"https:\/\/dtfs.de\/cs\/wp-json\/wp\/v2\/types\/page"}],"author":[{"embeddable":true,"href":"https:\/\/dtfs.de\/cs\/wp-json\/wp\/v2\/users\/14"}],"replies":[{"embeddable":true,"href":"https:\/\/dtfs.de\/cs\/wp-json\/wp\/v2\/comments?post=6083"}],"version-history":[{"count":0,"href":"https:\/\/dtfs.de\/cs\/wp-json\/wp\/v2\/pages\/6083\/revisions"}],"wp:attachment":[{"href":"https:\/\/dtfs.de\/cs\/wp-json\/wp\/v2\/media?parent=6083"}],"curies":[{"name":"wp","href":"https:\/\/api.w.org\/{rel}","templated":true}]}}