{"id":6157,"date":"2020-09-18T21:17:59","date_gmt":"2020-09-18T20:17:59","guid":{"rendered":"http:\/\/new.dtfs.de\/zasady-ochrany-osobnich-udaju\/"},"modified":"2020-09-18T21:17:59","modified_gmt":"2020-09-18T20:17:59","slug":"zasady-ochrany-osobnich-udaju","status":"publish","type":"page","link":"https:\/\/dtfs.de\/cs\/zasady-ochrany-osobnich-udaju\/","title":{"rendered":"Z\u00e1sady ochrany osobn\u00edch \u00fadaj\u016f"},"content":{"rendered":"<header>\n<h1>Souhlas se zpracov\u00e1n\u00edm osobn\u00edch \u00fadaj\u016f<\/h1>\n<h5>1. Ud\u011blujete t\u00edmto souhlas spole\u010dnosti FOTBAL BEZ HRANIC \u010cesko-n\u011bmeck\u00e1 fotbalov\u00e1 \u0161kola, z.s., se s\u00eddlem U Jez\u00edrka 407\/3, 35101 Franti\u0161kovy L\u00e1zn\u011b, I\u010c: 26632365, zapsan\u00e9 ve ve\u0159ejn\u00e9m rejst\u0159\u00edku veden\u00e9m u Krajsk\u00e9ho soudu v Plzni, spisov\u00e1 zna\u010dka L 3773 (d\u00e1le jen \u201eSpr\u00e1vce\u201c), aby ve smyslu na\u0159\u00edzen\u00ed Evropsk\u00e9ho parlamentu a Rady (EU) \u010d. 2016\/679 o ochran\u011b fyzick\u00fdch osob v souvislosti se zpracov\u00e1n\u00edm osobn\u00edch \u00fadaj\u016f a o voln\u00e9m pohybu t\u011bchto \u00fadaj\u016f a o zru\u0161en\u00ed sm\u011brnice 95\/46\/ES (obecn\u00e9 na\u0159\u00edzen\u00ed o ochran\u011b osobn\u00edch \u00fadaj\u016f) (d\u00e1le jen \u201eNa\u0159\u00edzen\u00ed\u201c) zpracov\u00e1vala tyto osobn\u00ed \u00fadaje:<\/h5>\n<h5>1.1 Registrace u\u017eivatelsk\u00e9ho \u00fa\u010dtu<\/h5>\n<ul>\n<li>jm\u00e9no a p\u0159\u00edjmen\u00ed;<\/li>\n<li>emailovou adresu;<\/li>\n<li>telefonn\u00ed \u010d\u00edslo;<\/li>\n<li>faktura\u010dn\u00ed adresu;<\/li>\n<li>dodac\u00ed adresu;<\/li>\n<li>historii objedn\u00e1vek.<\/li>\n<\/ul>\n<p style=\"padding-left: 40px;\">1.1.1 V\u00fd\u0161e uveden\u00e9 osobn\u00ed \u00fadaje budou zpracov\u00e1ny za \u00fa\u010delem z\u0159\u00edzen\u00ed a administrace u\u017eivatelsk\u00e9ho \u00fa\u010dtu a nab\u00eddnut\u00ed pohodln\u011bj\u0161\u00edho n\u00e1kupn\u00edho z\u00e1\u017eitku.<\/p>\n<p style=\"padding-left: 40px;\">1.1.2 Souhlas ud\u011blujete na dobu 3 let a to za \u00fa\u010delem. K prodlou\u017een\u00ed doch\u00e1z\u00ed aktivn\u00edm vyu\u017e\u00edv\u00e1n\u00edm u\u017eivatelsk\u00e9ho \u00fa\u010dtu, \u010dili p\u0159i ka\u017ed\u00e9m p\u0159ihl\u00e1\u0161en\u00ed do u\u017eivatelsk\u00e9ho \u00fa\u010dtu.<\/p>\n<h5>1.2 P\u0159ihl\u00e1\u0161en\u00ed k odb\u011bru e-mailov\u00fdch obchodn\u00edch sd\u011blen\u00ed<\/h5>\n<ul>\n<li>emailovou adresu<\/li>\n<\/ul>\n<p style=\"padding-left: 40px;\">1.2.1 V\u00fd\u0161e uveden\u00e9 osobn\u00ed \u00fadaje budou zpracov\u00e1ny za \u00fa\u010delem za\u0159azen\u00ed do datab\u00e1ze pro zas\u00edl\u00e1n\u00ed online obchodn\u00edch sd\u011blen\u00ed<\/p>\n<p style=\"padding-left: 40px;\">1.2.2 Souhlas ud\u011blujete na zpracov\u00e1n\u00ed po dobu 3 let, pokud tuto dobu neprodlou\u017e\u00edte.<\/p>\n<h5>1.3 Odbaven\u00ed objedn\u00e1vek e-shopu<\/h5>\n<ul>\n<li>jm\u00e9no, p\u0159\u00edjmen\u00ed<\/li>\n<li>jm\u00e9no, p\u0159\u00edjmen\u00ed z\u00e1konn\u00e9ho z\u00e1stupce<\/li>\n<li>e-mailovou adresu<\/li>\n<li>telefonn\u00ed \u010d\u00edslo<\/li>\n<li>telefonn\u00ed \u010d\u00edslo pro p\u0159\u00edpad nouze<\/li>\n<li>adresu\/s\u00eddlo<\/li>\n<li>n\u00e1zev klubu<\/li>\n<li>jm\u00e9no, p\u0159\u00edjmen\u00ed hr\u00e1\u010de<\/li>\n<li>pohlav\u00ed hr\u00e1\u010de<\/li>\n<li>datum narozen\u00ed hr\u00e1\u010de<\/li>\n<li>v\u00fd\u0161ku hr\u00e1\u010de<\/li>\n<\/ul>\n<p style=\"padding-left: 40px;\">1.3.1. V\u00fd\u0161e uveden\u00e9 osobn\u00ed \u00fadaje je nutn\u00e9 zpracovat pro odbaven\u00ed objedn\u00e1vek a dal\u0161\u00ed pln\u011bn\u00ed ze smlouvy, pokud mezi v\u00e1mi a prod\u00e1vaj\u00edc\u00edm dojde k uzav\u0159en\u00ed kupn\u00ed smlouvy. Takov\u00e9 zpracov\u00e1n\u00ed osobn\u00edch \u00fadaj\u016f umo\u017e\u0148uje \u010dl. 6 odst. 1 p\u00edsm. b) Na\u0159\u00edzen\u00ed \u2013 zpracov\u00e1n\u00ed je nezbytn\u00e9 pro spln\u011bn\u00ed smlouvy.Prod\u00e1vaj\u00edc\u00ed zpracov\u00e1v\u00e1 tyto \u00fadaje rovn\u011b\u017e za \u00fa\u010delem evidence smlouvy a p\u0159\u00edpadn\u00e9ho budouc\u00edho uplatn\u011bn\u00ed a obranu pr\u00e1v a povinnost\u00ed smluvn\u00edch stran.<\/p>\n<p style=\"padding-left: 40px;\">1.3.2 Uchov\u00e1n\u00ed a zpracov\u00e1n\u00ed osobn\u00edch \u00fadaj\u016f je za v\u00fd\u0161e uveden\u00fdm \u00fa\u010delem po dobu 10 let od realizace posledn\u00ed \u010d\u00e1sti pln\u011bn\u00ed dle smlouvy, nepo\u017eaduje-li jin\u00fd pr\u00e1vn\u00ed p\u0159edpis uchov\u00e1n\u00ed smluvn\u00ed dokumentace po dobu del\u0161\u00ed. Takov\u00e9 zpracov\u00e1n\u00ed je mo\u017en\u00e9 na z\u00e1klad\u011b \u010dl. 6 odst. 1 p\u00edsm. c) a f) Na\u0159\u00edzen\u00ed \u2013 zpracov\u00e1n\u00ed je nezbytn\u00e9 pro spln\u011bn\u00ed pr\u00e1vn\u00ed povinnosti a pro \u00fa\u010dely opr\u00e1vn\u011bn\u00fdch z\u00e1jm\u016f spr\u00e1vce.<\/p>\n<h5>1.4 Kontaktn\u00ed formul\u00e1\u0159<\/h5>\n<ul>\n<li>jm\u00e9no, p\u0159\u00edjmen\u00ed<\/li>\n<li>e-mailovou adresu<\/li>\n<li>telefonn\u00ed \u010d\u00edslo<\/li>\n<\/ul>\n<p style=\"padding-left: 40px;\">1.4.1 V\u00fd\u0161e uveden\u00e9 osobn\u00ed \u00fadaje budou zpracov\u00e1ny za \u00fa\u010delem komunikace s n\u00e1v\u0161t\u011bvn\u00edkem str\u00e1nek<\/p>\n<p style=\"padding-left: 40px;\">1.4.2 Souhlas ud\u011blujete na dobu 3 let.<\/p>\n<h5><strong>2.<\/strong> Zpracov\u00e1n\u00ed osobn\u00edch \u00fadaj\u016f je prov\u00e1d\u011bno Spr\u00e1vcem osobn\u00edch \u00fadaj\u016f.<\/h5>\n<p>Osobn\u00ed \u00fadaje nebudou p\u0159ed\u00e1ny do t\u0159et\u00edch zem\u00ed mimo EU.<\/p>\n<h5><strong>3.<\/strong> Spr\u00e1vce nem\u00e1 osobu tzv. pov\u011b\u0159ence. Spr\u00e1vce lze kontaktovat na emailov\u00e9 adrese info@dtfs.de.<\/h5>\n<h5><strong>4.<\/strong> Spr\u00e1vce osobn\u00edch \u00fadaj\u016f, jako\u017eto provozovatel webov\u00e9 str\u00e1nky dtfs.de, u\u017e\u00edv\u00e1 na t\u00e9to webov\u00e9 str\u00e1nce soubory cookies, kter\u00e9 jsou zde u\u017eity za \u00fa\u010delem:<\/h5>\n<ul>\n<li>m\u011b\u0159en\u00ed n\u00e1v\u0161t\u011bvnosti webov\u00fdch str\u00e1nek a vytv\u00e1\u0159en\u00ed statistik t\u00fdkaj\u00edc\u00ed se n\u00e1v\u0161t\u011bvnosti a chov\u00e1n\u00ed n\u00e1v\u0161t\u011bvn\u00edk\u016f na webov\u00fdch str\u00e1nk\u00e1ch;<\/li>\n<li>z\u00e1kladn\u00ed funk\u010dnosti webov\u00fdch str\u00e1nek.<\/li>\n<\/ul>\n<p>Sb\u011br cookies za \u00fa\u010delem uveden\u00fdm v\u00fd\u0161e m\u016f\u017ee b\u00fdt pova\u017eov\u00e1no za zpracov\u00e1n\u00ed osobn\u00edch \u00fadaj\u016f. Takov\u00e9 zpracov\u00e1n\u00ed je mo\u017en\u00e9 na z\u00e1klad\u011b z\u00e1konn\u00e9ho d\u016fvodu &#8211; opr\u00e1vn\u011bn\u00e9ho z\u00e1jmu spr\u00e1vce, a umo\u017e\u0148uje ho \u010dl. 6 odst. 1 p\u00edsm. f) Na\u0159\u00edzen\u00ed.<\/p>\n<p>Webov\u00e9 str\u00e1nky lze pou\u017e\u00edvat i v re\u017eimu, kter\u00fd neumo\u017e\u0148uje sb\u00edr\u00e1n\u00ed \u00fadaj\u016f o chov\u00e1n\u00ed n\u00e1v\u0161t\u011bvn\u00edk\u016f webu \u2013 tento re\u017eim je mo\u017en\u00fd bu\u010fto nastavit v r\u00e1mci nastaven\u00ed prohl\u00ed\u017ee\u010de, nebo je mo\u017en\u00e9 vzn\u00e9st proti takov\u00e9mu sb\u011bru na z\u00e1klad\u011b opr\u00e1vn\u011bn\u00e9ho z\u00e1jmu spr\u00e1vce n\u00e1mitku dle \u010dl. 21 Na\u0159\u00edzen\u00ed, kter\u00e1 je dostupn\u00e1 v doln\u00ed \u010d\u00e1sti webov\u00fdch str\u00e1nek. Va\u0161e n\u00e1mitka bude vyhodnocena bezodkladn\u011b. Cookies nezbytn\u00e9 pro funk\u010dnost webu budou uchov\u00e1ny pouze po dobu nezbytn\u011b nutnou pro fungov\u00e1n\u00ed webu.<\/p>\n<p>Vznese-li n\u00e1v\u0161t\u011bvn\u00edk n\u00e1mitku proti zpracov\u00e1n\u00ed technick\u00fdch cookies nezbytn\u00fdch pro fungov\u00e1n\u00ed webov\u00fdch str\u00e1nek, nelze v takov\u00e9m p\u0159\u00edpad\u011b zaru\u010dit plnou funk\u010dnost a kompatibilitu webov\u00fdch str\u00e1nek.<\/p>\n<p>Cookies, kter\u00e9 jsou sb\u00edr\u00e1ny za \u00fa\u010delem m\u011b\u0159en\u00ed n\u00e1v\u0161t\u011bvnosti webu a vytv\u00e1\u0159en\u00ed statistik t\u00fdkaj\u00edc\u00ed se n\u00e1v\u0161t\u011bvnosti a chov\u00e1n\u00ed n\u00e1v\u0161t\u011bvn\u00edk\u016f na webu, jsou posuzov\u00e1ny v podob\u011b hromadn\u00e9ho celku a v anonymn\u00ed podob\u011b, kter\u00e1 neumo\u017e\u0148uje identifikaci jednotlivce.<\/p>\n<p>Shrom\u00e1\u017ed\u011bn\u00e9 cookies soubory jsou zpracov\u00e1ny dal\u0161\u00edmi zpracovateli:<br \/>\nPoskytovatelem slu\u017eby Google Analytics, provozovan\u00e9 spole\u010dnost\u00ed Google Inc., s\u00eddlem 1600 Amphitheatre Parkway, Mountain View, CA 94043, USA;<\/p>\n<h5><strong>5.<\/strong> Vezm\u011bte, pros\u00edme, na v\u011bdom\u00ed, \u017ee podle Na\u0159\u00edzen\u00ed m\u00e1te pr\u00e1vo:<\/h5>\n<ul>\n<li>vz\u00edt souhlas se zpracov\u00e1n\u00edm osobn\u00edch \u00fadaj\u016f kdykoliv zp\u011bt, toto zp\u011btvzet\u00ed bude m\u00edt za n\u00e1sledek odstran\u011bn\u00ed u\u017eivatelsk\u00e9 registrace z datab\u00e1ze v\u010detn\u011b s t\u00edm spojen\u00fdch osobn\u00edch \u00fadaj\u016f,<\/li>\n<li>zru\u0161it kdykoliv zas\u00edl\u00e1n\u00ed obchodn\u00edch sd\u011blen\u00ed zasl\u00e1n\u00edm dopisu,emailu nebo proklikem na odkaz v obchodn\u00edm sd\u011blen\u00ed<\/li>\n<li>vzn\u00e9st n\u00e1mitku proti zpracov\u00e1n\u00ed na z\u00e1klad\u011b opr\u00e1vn\u011bn\u00e9ho z\u00e1jmu spr\u00e1vce,<\/li>\n<li>po\u017eadovat po Spr\u00e1vci informaci, jak\u00e9 va\u0161e osobn\u00ed \u00fadaje zpracov\u00e1v\u00e1,<\/li>\n<li>vy\u017e\u00e1dat si u n\u00e1s p\u0159\u00edstup k t\u011bmto \u00fadaj\u016fm a tyto nechat aktualizovat nebo opravit, pop\u0159\u00edpad\u011b po\u017eadovat omezen\u00ed zpracov\u00e1n\u00ed,<\/li>\n<li>po\u017eadovat po spole\u010dnosti v\u00fdmaz va\u0161ich osobn\u00edch \u00fadaj\u016f, pokud se nejedn\u00e1 o osobn\u00ed \u00fadaje, kter\u00e9 je Spr\u00e1vce povinen nebo opr\u00e1vn\u011bn d\u00e1le zpracov\u00e1vat dle p\u0159\u00edslu\u0161n\u00fdch pr\u00e1vn\u00edch p\u0159edpis\u016f,,<\/li>\n<li>na p\u0159enositelnost \u00fadaj\u016f, pokud se jedn\u00e1 o automatizovan\u00e9 zpracov\u00e1n\u00ed na z\u00e1klad\u011b souhlasu nebo z d\u016fvodu pln\u011bn\u00ed smlouvy,<\/li>\n<li>po\u017eadovat kopii zpracov\u00e1van\u00fdch osobn\u00edch \u00fadaj\u016f,<\/li>\n<li>na \u00fa\u010dinnou soudn\u00ed ochranu, pokud m\u00e1te za to, \u017ee va\u0161e pr\u00e1va podle Na\u0159\u00edzen\u00ed byla poru\u0161ena v d\u016fsledku zpracov\u00e1n\u00ed va\u0161ich osobn\u00edch \u00fadaj\u016f v rozporu s t\u00edmto Na\u0159\u00edzen\u00edm,<\/li>\n<li>podat st\u00ed\u017enost u \u00da\u0159adu pro ochranu osobn\u00edch \u00fadaj\u016f.<\/li>\n<\/ul>\n<\/header>\n","protected":false},"excerpt":{"rendered":"<p>Souhlas se zpracov\u00e1n\u00edm osobn\u00edch \u00fadaj\u016f 1. Ud\u011blujete t\u00edmto souhlas spole\u010dnosti FOTBAL BEZ HRANIC \u010cesko-n\u011bmeck\u00e1 fotbalov\u00e1 \u0161kola, z.s., se s\u00eddlem U [&hellip;]<\/p>\n","protected":false},"author":14,"featured_media":0,"parent":0,"menu_order":0,"comment_status":"closed","ping_status":"closed","template":"","meta":{"_acf_changed":false,"footnotes":""},"acf":[],"_links":{"self":[{"href":"https:\/\/dtfs.de\/cs\/wp-json\/wp\/v2\/pages\/6157"}],"collection":[{"href":"https:\/\/dtfs.de\/cs\/wp-json\/wp\/v2\/pages"}],"about":[{"href":"https:\/\/dtfs.de\/cs\/wp-json\/wp\/v2\/types\/page"}],"author":[{"embeddable":true,"href":"https:\/\/dtfs.de\/cs\/wp-json\/wp\/v2\/users\/14"}],"replies":[{"embeddable":true,"href":"https:\/\/dtfs.de\/cs\/wp-json\/wp\/v2\/comments?post=6157"}],"version-history":[{"count":0,"href":"https:\/\/dtfs.de\/cs\/wp-json\/wp\/v2\/pages\/6157\/revisions"}],"wp:attachment":[{"href":"https:\/\/dtfs.de\/cs\/wp-json\/wp\/v2\/media?parent=6157"}],"curies":[{"name":"wp","href":"https:\/\/api.w.org\/{rel}","templated":true}]}}